{"id":99,"date":"2024-01-17T21:40:43","date_gmt":"2024-01-17T21:40:43","guid":{"rendered":"https:\/\/mindmeethub.com\/?page_id=99"},"modified":"2024-01-18T11:29:52","modified_gmt":"2024-01-18T11:29:52","slug":"99-2","status":"publish","type":"page","link":"https:\/\/mindmeethub.com\/index.php\/99-2\/","title":{"rendered":"Solicit\u0103 o ofert\u0103 de colaborare"},"content":{"rendered":"<style>.kb-row-layout-id99_061c58-45 > .kt-row-column-wrap{align-content:center;}:where(.kb-row-layout-id99_061c58-45 > .kt-row-column-wrap) > .wp-block-kadence-column{justify-content:center;}.kb-row-layout-id99_061c58-45 > .kt-row-column-wrap{column-gap:var(--global-kb-gap-lg, 4rem);row-gap:var(--global-kb-gap-md, 2rem);max-width:var( --global-content-width, 1290px );padding-left:var(--global-content-edge-padding);padding-right:var(--global-content-edge-padding);padding-top:var(--global-kb-spacing-xxl, 5rem);padding-bottom:var(--global-kb-spacing-xxl, 5rem);grid-template-columns:minmax(0, 50%) minmax(0, 50%);}.kb-row-layout-id99_061c58-45 > .kt-row-layout-overlay{opacity:0.30;}@media all and (max-width: 1024px){.kb-row-layout-id99_061c58-45 > .kt-row-column-wrap{column-gap:var(--global-kb-gap-md, 2rem);padding-top:var(--global-kb-spacing-lg, 3rem);padding-bottom:var(--global-kb-spacing-lg, 3rem);grid-template-columns:minmax(0, 1fr);}}@media all and (max-width: 1024px){.kb-row-layout-id99_061c58-45 > .kt-row-column-wrap > .wp-block-kadence-column:nth-child(1){order:2;}}@media all and (max-width: 1024px){.kb-row-layout-id99_061c58-45 > .kt-row-column-wrap > .wp-block-kadence-column:nth-child(2){order:1;}}@media all and (max-width: 1024px){.kb-row-layout-id99_061c58-45 > .kt-row-column-wrap > .wp-block-kadence-column:nth-child(3){order:12;}}@media all and (max-width: 1024px){.kb-row-layout-id99_061c58-45 > .kt-row-column-wrap > .wp-block-kadence-column:nth-child(4){order:11;}}@media all and (max-width: 1024px){.kb-row-layout-id99_061c58-45 > .kt-row-column-wrap > .wp-block-kadence-column:nth-child(5){order:22;}}@media all and (max-width: 1024px){.kb-row-layout-id99_061c58-45 > .kt-row-column-wrap > .wp-block-kadence-column:nth-child(6){order:21;}}@media all and (max-width: 1024px){.kb-row-layout-id99_061c58-45 > .kt-row-column-wrap > .wp-block-kadence-column:nth-child(7){order:32;}}@media all and (max-width: 1024px){.kb-row-layout-id99_061c58-45 > .kt-row-column-wrap > .wp-block-kadence-column:nth-child(8){order:31;}}@media all and (max-width: 767px){.kb-row-layout-id99_061c58-45 > .kt-row-column-wrap{padding-right:var(--global-kb-spacing-xs, 1rem);padding-left:var(--global-kb-spacing-xs, 1rem);grid-template-columns:minmax(0, 1fr);}.kb-row-layout-id99_061c58-45 > .kt-row-column-wrap > .wp-block-kadence-column:nth-child(1){order:2;}.kb-row-layout-id99_061c58-45 > .kt-row-column-wrap > .wp-block-kadence-column:nth-child(2){order:1;}.kb-row-layout-id99_061c58-45 > .kt-row-column-wrap > .wp-block-kadence-column:nth-child(3){order:12;}.kb-row-layout-id99_061c58-45 > .kt-row-column-wrap > .wp-block-kadence-column:nth-child(4){order:11;}.kb-row-layout-id99_061c58-45 > .kt-row-column-wrap > .wp-block-kadence-column:nth-child(5){order:22;}.kb-row-layout-id99_061c58-45 > .kt-row-column-wrap > .wp-block-kadence-column:nth-child(6){order:21;}.kb-row-layout-id99_061c58-45 > .kt-row-column-wrap > .wp-block-kadence-column:nth-child(7){order:32;}.kb-row-layout-id99_061c58-45 > .kt-row-column-wrap > .wp-block-kadence-column:nth-child(8){order:31;}}<\/style><div class=\"kb-row-layout-wrap kb-row-layout-id99_061c58-45 alignfull has-theme-palette9-background-color kt-row-has-bg wp-block-kadence-rowlayout\"><div class=\"kt-row-column-wrap kt-has-2-columns kt-row-layout-equal kt-tab-layout-row kt-mobile-layout-row kt-row-valign-middle kb-theme-content-width\">\n<style>.kadence-column99_dc31a0-3d > .kt-inside-inner-col{padding-top:var(--global-kb-spacing-md, 2rem);padding-right:var(--global-kb-spacing-md, 2rem);padding-bottom:var(--global-kb-spacing-md, 2rem);padding-left:var(--global-kb-spacing-md, 2rem);}.kadence-column99_dc31a0-3d > .kt-inside-inner-col,.kadence-column99_dc31a0-3d > .kt-inside-inner-col:before{border-top-left-radius:5px;border-top-right-radius:5px;border-bottom-right-radius:5px;border-bottom-left-radius:5px;}.kadence-column99_dc31a0-3d > .kt-inside-inner-col{column-gap:0px;}.kadence-column99_dc31a0-3d > .kt-inside-inner-col{flex-direction:column;}.kadence-column99_dc31a0-3d > .kt-inside-inner-col > .aligncenter{width:100%;}.kadence-column99_dc31a0-3d > .kt-inside-inner-col{background-color:var(--global-palette8, #F7FAFC);}.kadence-column99_dc31a0-3d > .kt-inside-inner-col:before{opacity:0.3;}.kadence-column99_dc31a0-3d{text-align:left;}.kadence-column99_dc31a0-3d{position:relative;}@media all and (max-width: 1024px){.kadence-column99_dc31a0-3d > .kt-inside-inner-col{flex-direction:column;}}@media all and (max-width: 767px){.kadence-column99_dc31a0-3d > .kt-inside-inner-col{padding-top:var(--global-kb-spacing-xs, 1rem);padding-right:var(--global-kb-spacing-xs, 1rem);padding-bottom:var(--global-kb-spacing-xs, 1rem);padding-left:var(--global-kb-spacing-xs, 1rem);flex-direction:column;}}<\/style>\n<div class=\"wp-block-kadence-column kadence-column99_dc31a0-3d kb-section-dir-vertical inner-column-2\"><div class=\"kt-inside-inner-col\"><style>.kadence-form-99_e4f3e2-c7 .kb-form .kadence-blocks-form-field .kb-text-style-field, .kadence-form-99_e4f3e2-c7 .kb-form .kadence-blocks-form-field .kb-select-style-field{color:var(--global-palette4, #2D3748);background:var(--global-palette9, #ffffff);border-color:var(--global-palette7, #EDF2F7);}.kadence-form-99_e4f3e2-c7 .kb-form .kadence-blocks-form-field > label{color:var(--global-palette6, #718096);}<\/style>\n<div class=\"wp-block-kadence-form kadence-form-99_e4f3e2-c7 kb-form-wrap kb-form-align-center\"><form class=\"kb-form\" action=\"\" method=\"post\"><div class=\"kadence-blocks-form-field kb-field-desk-width-100 kb-input-size-standard\"><label for=\"kb_field_99_e4f3e2-c7_0\">Numele, prenumele<span class=\"required\">*<\/span><\/label><input name=\"kb_field_0\" id=\"kb_field_99_e4f3e2-c7_0\" data-label=\"Numele, prenumele\" type=\"text\" placeholder=\"\" value=\"\" data-type=\"text\" class=\"kb-field kb-text-style-field kb-text-field kb-field-0\" data-required=\"yes\" data-required-message=\"C\u00e2mp obligator\"\/><\/div><div class=\"kadence-blocks-form-field kb-form-field-1 kb-field-desk-width-100 kb-input-size-standard\"><label for=\"kb_field_99_e4f3e2-c7_1\">Email de contact<span class=\"required\">*<\/span><\/label><input name=\"kb_field_1\" id=\"kb_field_99_e4f3e2-c7_1\" data-label=\"Email de contact\" type=\"email\" placeholder=\"dan.popescu@mail.md\" value=\"\" data-type=\"email\" class=\"kb-field kb-text-style-field kb-email-field kb-field-1\" data-required=\"yes\" data-required-message=\"C\u00e2mp obligator\" data-validation-message=\"Introdu o adres\u0103 de email valid\u0103\"\/><\/div><div class=\"kadence-blocks-form-field kb-form-field-2 kb-field-desk-width-100 kb-input-size-standard\"><label for=\"kb_field_99_e4f3e2-c7_2\">Alte informa\u021bii relevante<\/label><textarea name=\"kb_field_2\" id=\"kb_field_99_e4f3e2-c7_2\" data-label=\"Alte informa\u021bii relevante\" type=\"textarea\" placeholder=\"\" data-type=\"textarea\" class=\"kb-field kb-text-style-field kb-textarea-field kb-field-2\" rows=\"4\"><\/textarea><\/div><input type=\"hidden\" name=\"_kb_form_id\" value=\"99_e4f3e2-c7\"\/><input type=\"hidden\" name=\"_kb_form_post_id\" value=\"99\"\/><input type=\"hidden\" name=\"action\" value=\"kb_process_ajax_submit\"\/><input type=\"hidden\" name=\"recaptcha_response\" class=\"kb_recaptcha_response kb_recaptcha_99_e4f3e2-c7\"\/><input class=\"kadence-blocks-field verify\" type=\"text\" name=\"_kb_verify_email\" autocomplete=\"new-password\" aria-hidden=\"true\" placeholder=\"Email\" tabindex=\"-1\" data-1p-ignore=\"true\" data-lpignore=\"true\" \/><div class=\"kadence-blocks-form-field kb-submit-field kb-field-desk-width-100\"><button class=\"kb-forms-submit button kb-button-size-standard kb-button-width-auto\">Expediaz\u0103 solicitarea<\/button><\/div><\/form><\/div>\n<noscript><div class=\"kadence-blocks-form-message kadence-blocks-form-warning\">\u041f\u043e\u0436\u0430\u043b\u0443\u0439\u0441\u0442\u0430, \u0432\u043a\u043b\u044e\u0447\u0438\u0442\u0435 JavaScript \u0432 \u0432\u0430\u0448\u0435\u043c \u0431\u0440\u0430\u0443\u0437\u0435\u0440\u0435, \u0447\u0442\u043e\u0431\u044b \u043e\u0442\u043f\u0440\u0430\u0432\u0438\u0442\u044c \u0444\u043e\u0440\u043c\u0443<\/div><style>.kadence-form-99_e4f3e2-c7 .kadence-blocks-form-field.kb-submit-field { display: none; }<\/style><\/noscript><\/div><\/div>\n\n\n<style>.kadence-column99_04fc9d-58 > .kt-inside-inner-col{display:flex;}.kadence-column99_04fc9d-58 > .kt-inside-inner-col,.kadence-column99_04fc9d-58 > .kt-inside-inner-col:before{border-top-left-radius:0px;border-top-right-radius:0px;border-bottom-right-radius:0px;border-bottom-left-radius:0px;}.kadence-column99_04fc9d-58 > .kt-inside-inner-col{column-gap:var(--global-kb-gap-sm, 1rem);}.kadence-column99_04fc9d-58 > .kt-inside-inner-col{flex-direction:column;justify-content:center;}.kadence-column99_04fc9d-58 > .kt-inside-inner-col > .aligncenter{width:100%;}.kt-row-column-wrap > .kadence-column99_04fc9d-58{align-self:center;}.kt-inner-column-height-full:not(.kt-has-1-columns) > .wp-block-kadence-column.kadence-column99_04fc9d-58{align-self:auto;}.kt-inner-column-height-full:not(.kt-has-1-columns) > .wp-block-kadence-column.kadence-column99_04fc9d-58 > .kt-inside-inner-col{flex-direction:column;justify-content:center;}.kadence-column99_04fc9d-58 > .kt-inside-inner-col:before{opacity:0.3;}.kadence-column99_04fc9d-58{text-align:left;}.kadence-column99_04fc9d-58{position:relative;}@media all and (max-width: 1024px){.kadence-column99_04fc9d-58 > .kt-inside-inner-col{flex-direction:column;}}@media all and (max-width: 767px){.kadence-column99_04fc9d-58 > .kt-inside-inner-col{flex-direction:column;}}<\/style>\n<div class=\"wp-block-kadence-column kadence-column99_04fc9d-58 kb-section-dir-vertical inner-column-1\"><div class=\"kt-inside-inner-col\"><style>.wp-block-kadence-advancedheading.kt-adv-heading99_9c0397-6c, .wp-block-kadence-advancedheading.kt-adv-heading99_9c0397-6c[data-kb-block=\"kb-adv-heading99_9c0397-6c\"]{margin-bottom:0px;text-align:left;font-size:var(--global-kb-font-size-sm, 0.9rem);font-style:normal;text-transform:uppercase;}.wp-block-kadence-advancedheading.kt-adv-heading99_9c0397-6c mark, .wp-block-kadence-advancedheading.kt-adv-heading99_9c0397-6c[data-kb-block=\"kb-adv-heading99_9c0397-6c\"] mark{font-style:normal;color:#f76a0c;padding-top:0px;padding-right:0px;padding-bottom:0px;padding-left:0px;}<\/style>\n<div class=\"kt-adv-heading99_9c0397-6c wp-block-kadence-advancedheading has-theme-palette-1-color has-text-color\" data-kb-block=\"kb-adv-heading99_9c0397-6c\"><\/div>\n\n\n<style>.wp-block-kadence-advancedheading.kt-adv-heading99_a6b22c-f4, .wp-block-kadence-advancedheading.kt-adv-heading99_a6b22c-f4[data-kb-block=\"kb-adv-heading99_a6b22c-f4\"]{padding-top:0px;margin-top:var(--global-kb-spacing-xs, 1rem);line-height:1.2em;font-style:normal;}.wp-block-kadence-advancedheading.kt-adv-heading99_a6b22c-f4 mark, .wp-block-kadence-advancedheading.kt-adv-heading99_a6b22c-f4[data-kb-block=\"kb-adv-heading99_a6b22c-f4\"] mark{font-style:normal;color:#f76a0c;padding-top:0px;padding-right:0px;padding-bottom:0px;padding-left:0px;}@media all and (max-width: 1024px){.wp-block-kadence-advancedheading.kt-adv-heading99_a6b22c-f4, .wp-block-kadence-advancedheading.kt-adv-heading99_a6b22c-f4[data-kb-block=\"kb-adv-heading99_a6b22c-f4\"]{text-align:center!important;}}<\/style>\n<h2 class=\"kt-adv-heading99_a6b22c-f4 wp-block-kadence-advancedheading has-theme-palette-3-color has-text-color\" data-kb-block=\"kb-adv-heading99_a6b22c-f4\">Pe scurt despre ofert\u0103<\/h2>\n\n\n<style>.wp-block-kadence-advancedheading.kt-adv-heading99_b8858b-ba, .wp-block-kadence-advancedheading.kt-adv-heading99_b8858b-ba[data-kb-block=\"kb-adv-heading99_b8858b-ba\"]{font-style:normal;}.wp-block-kadence-advancedheading.kt-adv-heading99_b8858b-ba mark, .wp-block-kadence-advancedheading.kt-adv-heading99_b8858b-ba[data-kb-block=\"kb-adv-heading99_b8858b-ba\"] mark{font-style:normal;color:#f76a0c;padding-top:0px;padding-right:0px;padding-bottom:0px;padding-left:0px;}@media all and (max-width: 1024px){.wp-block-kadence-advancedheading.kt-adv-heading99_b8858b-ba, .wp-block-kadence-advancedheading.kt-adv-heading99_b8858b-ba[data-kb-block=\"kb-adv-heading99_b8858b-ba\"]{text-align:center!important;}}<\/style>\n<p class=\"kt-adv-heading99_b8858b-ba wp-block-kadence-advancedheading has-theme-palette-3-color has-text-color\" data-kb-block=\"kb-adv-heading99_b8858b-ba\">Mindmeethub este oaza ta de inspira\u021bie, unde \u00ee\u021bi po\u021bi desf\u0103\u0219ufa activitatea total remote, f\u0103r\u0103 a fi deranjat de gestionarea unui calendar sau a facturilor. Aici te vei ocupa de lucrurile care cu adev\u0103rat conteaz\u0103!<\/p>\n<\/div><\/div>\n\n<\/div><\/div>\n\n<style>.kb-row-layout-id99_12e845-2f > .kt-row-column-wrap{align-content:center;}:where(.kb-row-layout-id99_12e845-2f > .kt-row-column-wrap) > .wp-block-kadence-column{justify-content:center;}.kb-row-layout-id99_12e845-2f > .kt-row-column-wrap{column-gap:var(--global-kb-gap-md, 2rem);row-gap:var(--global-kb-gap-md, 2rem);max-width:var( --global-content-width, 1290px );padding-left:var(--global-content-edge-padding);padding-right:var(--global-content-edge-padding);padding-top:var(--global-kb-spacing-5xl, 10rem);padding-bottom:var(--global-kb-spacing-5xl, 10rem);min-height:550px;grid-template-columns:minmax(0, 1fr);}.kb-row-layout-id99_12e845-2f{background-image:url('https:\/\/mindmeethub.com\/wp-content\/uploads\/2024\/01\/man-creating-a-presentation-on-laptop.jpeg');background-size:cover;background-position:center center;background-attachment:scroll;background-repeat:no-repeat;}.kb-row-layout-id99_12e845-2f > .kt-row-layout-overlay{opacity:0.90;background:linear-gradient(135deg,var(--global-palette1,#ffffff) 0%,var(--global-palette2,#EDF2F7) 100%);mix-blend-mode:normal;}.kb-row-layout-id99_12e845-2f .kt-row-layout-bottom-sep{height:100px;}.kb-row-layout-id99_12e845-2f .kt-row-layout-bottom-sep svg{width:100%;}.kb-row-layout-id99_12e845-2f .kt-row-layout-bottom-sep svg{fill:var(--global-palette8, #F7FAFC)!important;}.kb-row-layout-id99_12e845-2f .kt-row-layout-top-sep{height:100px;}.kb-row-layout-id99_12e845-2f .kt-row-layout-top-sep svg{fill:var(--global-palette9, #ffffff)!important;}@media all and (max-width: 1024px){.kb-row-layout-id99_12e845-2f > .kt-row-column-wrap{grid-template-columns:minmax(0, 1fr);}}@media all and (max-width: 1024px){.kb-row-layout-id99_12e845-2f .kt-row-layout-bottom-sep{height:px;}}@media all and (max-width: 1024px){.kb-row-layout-id99_12e845-2f .kt-row-layout-bottom-sep svg{width:%;}}@media all and (max-width: 767px){.kb-row-layout-id99_12e845-2f > .kt-row-column-wrap{grid-template-columns:minmax(0, 1fr);}.kb-row-layout-id99_12e845-2f .kt-row-layout-bottom-sep{height:px;}.kb-row-layout-id99_12e845-2f .kt-row-layout-bottom-sep svg{width:%;}}<\/style><div class=\"kb-row-layout-wrap kb-row-layout-id99_12e845-2f alignfull has-theme-palette2-background-color kt-row-has-bg kb-divider-static kb-divider-botton-p8 wp-block-kadence-rowlayout\"><div class=\"kt-row-layout-overlay kt-row-overlay-gradient\"><\/div><div class=\"kt-row-layout-top-sep kt-row-sep-type-sltl\"><svg viewBox=\"0 0 1000 100\" preserveAspectRatio=\"none\"><path d=\"M1000,0l-1000,100l1000,0l0,-100Z\" \/><\/svg><\/div><div class=\"kt-row-layout-bottom-sep kt-row-sep-type-sltl\"><svg viewBox=\"0 0 1000 100\" preserveAspectRatio=\"none\"><path d=\"M1000,0l-1000,100l1000,0l0,-100Z\" \/><\/svg><\/div><div class=\"kt-row-column-wrap kt-has-1-columns kt-row-layout-equal kt-tab-layout-inherit kt-mobile-layout-row kt-row-valign-middle kb-theme-content-width\">\n<style>.kadence-column99_47e232-50 > .kt-inside-inner-col,.kadence-column99_47e232-50 > .kt-inside-inner-col:before{border-top-left-radius:0px;border-top-right-radius:0px;border-bottom-right-radius:0px;border-bottom-left-radius:0px;}.kadence-column99_47e232-50 > .kt-inside-inner-col{column-gap:var(--global-kb-gap-sm, 1rem);}.kadence-column99_47e232-50 > .kt-inside-inner-col{flex-direction:column;}.kadence-column99_47e232-50 > .kt-inside-inner-col > .aligncenter{width:100%;}.kadence-column99_47e232-50 > .kt-inside-inner-col:before{opacity:0.3;}.kadence-column99_47e232-50{position:relative;}@media all and (max-width: 1024px){.kadence-column99_47e232-50 > .kt-inside-inner-col{flex-direction:column;}}@media all and (max-width: 767px){.kadence-column99_47e232-50 > .kt-inside-inner-col{flex-direction:column;}}<\/style>\n<div class=\"wp-block-kadence-column kadence-column99_47e232-50\"><div class=\"kt-inside-inner-col\"><style>.wp-block-kadence-advancedheading.kt-adv-heading99_9882f9-cf, .wp-block-kadence-advancedheading.kt-adv-heading99_9882f9-cf[data-kb-block=\"kb-adv-heading99_9882f9-cf\"]{max-width:800px;margin-right:auto;margin-left:auto;margin-top:var(--global-kb-spacing-xxs, 0.5rem);text-align:center;font-size:var(--global-kb-font-size-xl, 3rem);line-height:1.1;font-weight:700;font-style:normal;}.wp-block-kadence-advancedheading.kt-adv-heading99_9882f9-cf mark, .wp-block-kadence-advancedheading.kt-adv-heading99_9882f9-cf[data-kb-block=\"kb-adv-heading99_9882f9-cf\"] mark{font-style:normal;color:#f76a0c;padding-top:0px;padding-right:0px;padding-bottom:0px;padding-left:0px;}<\/style>\n<h2 class=\"kt-adv-heading99_9882f9-cf wp-block-kadence-advancedheading has-theme-palette-9-color has-text-color\" data-kb-block=\"kb-adv-heading99_9882f9-cf\">Remodel\u0103m impreun\u0103 peisajul interven\u021biilor psihologice<\/h2>\n<\/div><\/div>\n\n<\/div><\/div>","protected":false},"excerpt":{"rendered":"<p>Pe scurt despre ofert\u0103 Mindmeethub este oaza ta de inspira\u021bie, unde \u00ee\u021bi po\u021bi desf\u0103\u0219ufa activitatea total remote, f\u0103r\u0103 a fi deranjat de gestionarea unui calendar sau a facturilor. Aici te vei ocupa de lucrurile care cu adev\u0103rat conteaz\u0103! Remodel\u0103m impreun\u0103 peisajul interven\u021biilor psihologice<\/p>\n","protected":false},"author":1,"featured_media":0,"parent":0,"menu_order":0,"comment_status":"closed","ping_status":"closed","template":"","meta":{"_kadence_starter_templates_imported_post":false,"_kad_post_transparent":"","_kad_post_title":"","_kad_post_layout":"","_kad_post_sidebar_id":"","_kad_post_content_style":"","_kad_post_vertical_padding":"","_kad_post_feature":"","_kad_post_feature_position":"","_kad_post_header":false,"_kad_post_footer":false,"footnotes":""},"class_list":["post-99","page","type-page","status-publish","hentry"],"_links":{"self":[{"href":"https:\/\/mindmeethub.com\/index.php\/wp-json\/wp\/v2\/pages\/99","targetHints":{"allow":["GET"]}}],"collection":[{"href":"https:\/\/mindmeethub.com\/index.php\/wp-json\/wp\/v2\/pages"}],"about":[{"href":"https:\/\/mindmeethub.com\/index.php\/wp-json\/wp\/v2\/types\/page"}],"author":[{"embeddable":true,"href":"https:\/\/mindmeethub.com\/index.php\/wp-json\/wp\/v2\/users\/1"}],"replies":[{"embeddable":true,"href":"https:\/\/mindmeethub.com\/index.php\/wp-json\/wp\/v2\/comments?post=99"}],"version-history":[{"count":7,"href":"https:\/\/mindmeethub.com\/index.php\/wp-json\/wp\/v2\/pages\/99\/revisions"}],"predecessor-version":[{"id":111,"href":"https:\/\/mindmeethub.com\/index.php\/wp-json\/wp\/v2\/pages\/99\/revisions\/111"}],"wp:attachment":[{"href":"https:\/\/mindmeethub.com\/index.php\/wp-json\/wp\/v2\/media?parent=99"}],"curies":[{"name":"wp","href":"https:\/\/api.w.org\/{rel}","templated":true}]}}